{"id":13102,"date":"2022-11-25T16:20:52","date_gmt":"2022-11-25T15:20:52","guid":{"rendered":"https:\/\/lorelladeguevara.fr\/galery\/mere-nature\/"},"modified":"2023-12-14T08:45:17","modified_gmt":"2023-12-14T07:45:17","slug":"mere-nature","status":"publish","type":"page","link":"https:\/\/lorelladeguevara.fr\/en\/galery\/mere-nature\/","title":{"rendered":"M\u00e8re Nature"},"content":{"rendered":"\t\t<div data-elementor-type=\"wp-page\" data-elementor-id=\"13102\" class=\"elementor elementor-13102 elementor-9637\">\n\t\t\t\t\t\t\t\t\t<section class=\"elementor-section elementor-top-section elementor-element elementor-element-393ea9e elementor-section-boxed elementor-section-height-default elementor-section-height-default qodef-elementor-content-no\" data-id=\"393ea9e\" data-element_type=\"section\">\n\t\t\t\t\t\t<div class=\"elementor-container elementor-column-gap-default\">\n\t\t\t\t\t<div class=\"elementor-column elementor-col-100 elementor-top-column elementor-element elementor-element-de07158\" data-id=\"de07158\" data-element_type=\"column\">\n\t\t\t<div class=\"elementor-widget-wrap elementor-element-populated\">\n\t\t\t\t\t\t\t\t<div class=\"elementor-element elementor-element-ca161c6 elementor-widget elementor-widget-heading\" data-id=\"ca161c6\" data-element_type=\"widget\" data-widget_type=\"heading.default\">\n\t\t\t\t<div class=\"elementor-widget-container\">\n\t\t\t<style>\/*! elementor - v3.8.1 - 13-11-2022 *\/\n.elementor-heading-title{padding:0;margin:0;line-height:1}.elementor-widget-heading .elementor-heading-title[class*=elementor-size-]>a{color:inherit;font-size:inherit;line-height:inherit}.elementor-widget-heading .elementor-heading-title.elementor-size-small{font-size:15px}.elementor-widget-heading .elementor-heading-title.elementor-size-medium{font-size:19px}.elementor-widget-heading .elementor-heading-title.elementor-size-large{font-size:29px}.elementor-widget-heading .elementor-heading-title.elementor-size-xl{font-size:39px}.elementor-widget-heading .elementor-heading-title.elementor-size-xxl{font-size:59px}<\/style><h1 class=\"elementor-heading-title elementor-size-default\">M\u00e8re Nature<\/h1>\t\t<\/div>\n\t\t\t\t<\/div>\n\t\t\t\t<div class=\"elementor-element elementor-element-32b3760 elementor-widget elementor-widget-text-editor\" data-id=\"32b3760\" data-element_type=\"widget\" data-widget_type=\"text-editor.default\">\n\t\t\t\t<div class=\"elementor-widget-container\">\n\t\t\t<style>\/*! elementor - v3.8.1 - 13-11-2022 *\/\n.elementor-widget-text-editor.elementor-drop-cap-view-stacked .elementor-drop-cap{background-color:#818a91;color:#fff}.elementor-widget-text-editor.elementor-drop-cap-view-framed .elementor-drop-cap{color:#818a91;border:3px solid;background-color:transparent}.elementor-widget-text-editor:not(.elementor-drop-cap-view-default) .elementor-drop-cap{margin-top:8px}.elementor-widget-text-editor:not(.elementor-drop-cap-view-default) .elementor-drop-cap-letter{width:1em;height:1em}.elementor-widget-text-editor .elementor-drop-cap{float:left;text-align:center;line-height:1;font-size:50px}.elementor-widget-text-editor .elementor-drop-cap-letter{display:inline-block}<\/style>\t\t\t\t<blockquote class=\"wp-block-quote\" style=\"color: #fff; font-size: 20px;\">Take another look at living things, look at a garden, a tree or an embankment with full awareness and perceive the link that unites us.<br>\n\n<span style=\"font-family: 'Hello'; font-size: 36px; line-height: 42px;\">Lorell<\/span><\/blockquote>\t\t\t\t\t\t<\/div>\n\t\t\t\t<\/div>\n\t\t\t\t\t<\/div>\n\t\t<\/div>\n\t\t\t\t\t\t\t<\/div>\n\t\t<\/section>\n\t\t\t\t<section class=\"elementor-section elementor-top-section elementor-element elementor-element-206a291 elementor-section-full_width elementor-section-height-default elementor-section-height-default qodef-elementor-content-no\" data-id=\"206a291\" data-element_type=\"section\">\n\t\t\t\t\t\t<div class=\"elementor-container elementor-column-gap-default\">\n\t\t\t\t\t<div class=\"elementor-column elementor-col-100 elementor-top-column elementor-element elementor-element-adf2838\" data-id=\"adf2838\" data-element_type=\"column\">\n\t\t\t<div class=\"elementor-widget-wrap elementor-element-populated\">\n\t\t\t\t\t\t\t\t<div class=\"elementor-element elementor-element-cb10948 elementor-widget elementor-widget-marceau_core_portfolio_list\" data-id=\"cb10948\" data-element_type=\"widget\" data-widget_type=\"marceau_core_portfolio_list.default\">\n\t\t\t\t<div class=\"elementor-widget-container\">\n\t\t\t<div class=\"qodef-shortcode qodef-m galerie-mn qodef-portfolio-list qodef-item-layout--info-on-hover qodef-appear-animation  qodef-grid qodef-layout--masonry  qodef-gutter--medium qodef-col-num--3 qodef-item-layout--info-on-hover qodef-filter--on qodef-pagination--on qodef-pagination-type--infinite-scroll qodef-responsive--predefined qodef-hover-animation--fade-in\" data-options=\"{&quot;plugin&quot;:&quot;marceau_core&quot;,&quot;module&quot;:&quot;post-types\\\/portfolio\\\/shortcodes&quot;,&quot;shortcode&quot;:&quot;portfolio-list&quot;,&quot;post_type&quot;:&quot;portfolio-item&quot;,&quot;next_page&quot;:&quot;2&quot;,&quot;custom_class&quot;:&quot;galerie-mn&quot;,&quot;behavior&quot;:&quot;masonry&quot;,&quot;columns&quot;:&quot;3&quot;,&quot;columns_responsive&quot;:&quot;predefined&quot;,&quot;space&quot;:&quot;medium&quot;,&quot;posts_per_page&quot;:&quot;100&quot;,&quot;orderby&quot;:&quot;rand&quot;,&quot;additional_params&quot;:&quot;tax&quot;,&quot;tax&quot;:&quot;portfolio-category&quot;,&quot;tax__in&quot;:&quot;147,148&quot;,&quot;layout&quot;:&quot;info-on-hover&quot;,&quot;hover_animation_info-follow&quot;:&quot;follow&quot;,&quot;hover_animation_info-on-hover&quot;:&quot;fade-in&quot;,&quot;hover_animation_no-info&quot;:&quot;change-image&quot;,&quot;title_tag&quot;:&quot;h5&quot;,&quot;enable_category&quot;:&quot;no&quot;,&quot;image_source&quot;:&quot;list&quot;,&quot;appear_animation&quot;:&quot;yes&quot;,&quot;float_animation&quot;:&quot;no&quot;,&quot;custom_padding&quot;:&quot;yes&quot;,&quot;enable_filter&quot;:&quot;yes&quot;,&quot;pagination_type&quot;:&quot;infinite-scroll&quot;,&quot;object_class_name&quot;:&quot;MarceauCore_Portfolio_List_Shortcode&quot;,&quot;taxonomy_filter&quot;:&quot;portfolio-category&quot;,&quot;additional_query_args&quot;:{&quot;tax_query&quot;:[{&quot;taxonomy&quot;:&quot;portfolio-category&quot;,&quot;field&quot;:&quot;term_id&quot;,&quot;terms&quot;:[147,148]}]},&quot;space_value&quot;:20}\">\n\t\t<div class=\"qodef-m-filter\">\n\t\t\t<\/div>\n\t<div class=\"qodef-grid-inner clear\">\n\t\t\t<div class=\"qodef-grid-masonry-sizer\"><\/div>\n\t<div class=\"qodef-grid-masonry-gutter\"><\/div>\n<p class=\"qodef-m-posts-not-found qodef-grid-item\">No posts were found for provided query parameters.<\/p>\n\t<\/div>\n\t<\/div>\n\t\t<\/div>\n\t\t\t\t<\/div>\n\t\t\t\t\t<\/div>\n\t\t<\/div>\n\t\t\t\t\t\t\t<\/div>\n\t\t<\/section>\n\t\t\t\t\t\t\t<\/div>\n\t\t","protected":false},"excerpt":{"rendered":"<p>M\u00e8re Nature Take another look at living things, look at a garden, a tree or an embankment with full awareness and perceive the link that unites us. Lorell Acrylique Huile Tous Nuage toscan Le bouquet au visage La mer Sperlonga F\u00e9minin, Masculin Hestia Po\u00e9sie V\u00e9g\u00e9tale Sur la commode L&rsquo;arbre aux citrons L&rsquo;Arbre Sans titre L&rsquo;olivier<\/p>\n","protected":false},"author":1,"featured_media":0,"parent":10433,"menu_order":0,"comment_status":"closed","ping_status":"closed","template":"page-full-width.php","meta":{"footnotes":""},"class_list":["post-13102","page","type-page","status-publish","hentry"],"yoast_head":"<!-- This site is optimized with the Yoast SEO plugin v19.11 - https:\/\/yoast.com\/wordpress\/plugins\/seo\/ -->\n<title>M\u00e8re Nature | Lorella de guevara<\/title>\n<meta name=\"robots\" content=\"index, follow, max-snippet:-1, max-image-preview:large, max-video-preview:-1\" \/>\n<link rel=\"canonical\" href=\"https:\/\/lorelladeguevara.fr\/en\/galery\/mere-nature\/\" \/>\n<meta property=\"og:locale\" content=\"en_US\" \/>\n<meta property=\"og:type\" content=\"article\" \/>\n<meta property=\"og:title\" content=\"M\u00e8re Nature | Lorella de guevara\" \/>\n<meta property=\"og:description\" content=\"M\u00e8re Nature Take another look at living things, look at a garden, a tree or an embankment with full awareness and perceive the link that unites us. Lorell Acrylique Huile Tous Nuage toscan Le bouquet au visage La mer Sperlonga F\u00e9minin, Masculin Hestia Po\u00e9sie V\u00e9g\u00e9tale Sur la commode L&rsquo;arbre aux citrons L&rsquo;Arbre Sans titre L&rsquo;olivier\" \/>\n<meta property=\"og:url\" content=\"https:\/\/lorelladeguevara.fr\/en\/galery\/mere-nature\/\" \/>\n<meta property=\"og:site_name\" content=\"Lorella de guevara\" \/>\n<meta property=\"article:modified_time\" content=\"2023-12-14T07:45:17+00:00\" \/>\n<meta property=\"og:image\" content=\"https:\/\/lorelladeguevara.fr\/wp-content\/uploads\/2022\/09\/5-Nuage-toscan-Huile-sur-toile-20-cm-x-31-cm.jpg?v=1668531810\" \/>\n<meta name=\"twitter:card\" content=\"summary_large_image\" \/>\n<script type=\"application\/ld+json\" class=\"yoast-schema-graph\">{\"@context\":\"https:\/\/schema.org\",\"@graph\":[{\"@type\":\"WebPage\",\"@id\":\"https:\/\/lorelladeguevara.fr\/en\/galery\/mere-nature\/\",\"url\":\"https:\/\/lorelladeguevara.fr\/en\/galery\/mere-nature\/\",\"name\":\"M\u00e8re Nature | Lorella de guevara\",\"isPartOf\":{\"@id\":\"https:\/\/lorelladeguevara.fr\/en\/#website\"},\"datePublished\":\"2022-11-25T15:20:52+00:00\",\"dateModified\":\"2023-12-14T07:45:17+00:00\",\"breadcrumb\":{\"@id\":\"https:\/\/lorelladeguevara.fr\/en\/galery\/mere-nature\/#breadcrumb\"},\"inLanguage\":\"en-US\",\"potentialAction\":[{\"@type\":\"ReadAction\",\"target\":[\"https:\/\/lorelladeguevara.fr\/en\/galery\/mere-nature\/\"]}]},{\"@type\":\"BreadcrumbList\",\"@id\":\"https:\/\/lorelladeguevara.fr\/en\/galery\/mere-nature\/#breadcrumb\",\"itemListElement\":[{\"@type\":\"ListItem\",\"position\":1,\"name\":\"Accueil\",\"item\":\"https:\/\/lorelladeguevara.fr\/en\/\"},{\"@type\":\"ListItem\",\"position\":2,\"name\":\"Gallery\",\"item\":\"https:\/\/lorelladeguevara.fr\/en\/galerie\/\"},{\"@type\":\"ListItem\",\"position\":3,\"name\":\"M\u00e8re Nature\"}]},{\"@type\":\"WebSite\",\"@id\":\"https:\/\/lorelladeguevara.fr\/en\/#website\",\"url\":\"https:\/\/lorelladeguevara.fr\/en\/\",\"name\":\"Lorella de guevara\",\"description\":\"Artiste peintre\",\"publisher\":{\"@id\":\"https:\/\/lorelladeguevara.fr\/en\/#organization\"},\"potentialAction\":[{\"@type\":\"SearchAction\",\"target\":{\"@type\":\"EntryPoint\",\"urlTemplate\":\"https:\/\/lorelladeguevara.fr\/en\/?s={search_term_string}\"},\"query-input\":\"required name=search_term_string\"}],\"inLanguage\":\"en-US\"},{\"@type\":\"Organization\",\"@id\":\"https:\/\/lorelladeguevara.fr\/en\/#organization\",\"name\":\"Lorella de guevara\",\"url\":\"https:\/\/lorelladeguevara.fr\/en\/\",\"logo\":{\"@type\":\"ImageObject\",\"inLanguage\":\"en-US\",\"@id\":\"https:\/\/lorelladeguevara.fr\/en\/#\/schema\/logo\/image\/\",\"url\":\"https:\/\/lorelladeguevara.fr\/wp-content\/uploads\/2022\/04\/Lorella-logo.png\",\"contentUrl\":\"https:\/\/lorelladeguevara.fr\/wp-content\/uploads\/2022\/04\/Lorella-logo.png\",\"width\":287,\"height\":65,\"caption\":\"Lorella de guevara\"},\"image\":{\"@id\":\"https:\/\/lorelladeguevara.fr\/en\/#\/schema\/logo\/image\/\"}}]}<\/script>\n<!-- \/ Yoast SEO plugin. -->","yoast_head_json":{"title":"M\u00e8re Nature | Lorella de guevara","robots":{"index":"index","follow":"follow","max-snippet":"max-snippet:-1","max-image-preview":"max-image-preview:large","max-video-preview":"max-video-preview:-1"},"canonical":"https:\/\/lorelladeguevara.fr\/en\/galery\/mere-nature\/","og_locale":"en_US","og_type":"article","og_title":"M\u00e8re Nature | Lorella de guevara","og_description":"M\u00e8re Nature Take another look at living things, look at a garden, a tree or an embankment with full awareness and perceive the link that unites us. Lorell Acrylique Huile Tous Nuage toscan Le bouquet au visage La mer Sperlonga F\u00e9minin, Masculin Hestia Po\u00e9sie V\u00e9g\u00e9tale Sur la commode L&rsquo;arbre aux citrons L&rsquo;Arbre Sans titre L&rsquo;olivier","og_url":"https:\/\/lorelladeguevara.fr\/en\/galery\/mere-nature\/","og_site_name":"Lorella de guevara","article_modified_time":"2023-12-14T07:45:17+00:00","og_image":[{"url":"https:\/\/lorelladeguevara.fr\/wp-content\/uploads\/2022\/09\/5-Nuage-toscan-Huile-sur-toile-20-cm-x-31-cm.jpg?v=1668531810"}],"twitter_card":"summary_large_image","schema":{"@context":"https:\/\/schema.org","@graph":[{"@type":"WebPage","@id":"https:\/\/lorelladeguevara.fr\/en\/galery\/mere-nature\/","url":"https:\/\/lorelladeguevara.fr\/en\/galery\/mere-nature\/","name":"M\u00e8re Nature | Lorella de guevara","isPartOf":{"@id":"https:\/\/lorelladeguevara.fr\/en\/#website"},"datePublished":"2022-11-25T15:20:52+00:00","dateModified":"2023-12-14T07:45:17+00:00","breadcrumb":{"@id":"https:\/\/lorelladeguevara.fr\/en\/galery\/mere-nature\/#breadcrumb"},"inLanguage":"en-US","potentialAction":[{"@type":"ReadAction","target":["https:\/\/lorelladeguevara.fr\/en\/galery\/mere-nature\/"]}]},{"@type":"BreadcrumbList","@id":"https:\/\/lorelladeguevara.fr\/en\/galery\/mere-nature\/#breadcrumb","itemListElement":[{"@type":"ListItem","position":1,"name":"Accueil","item":"https:\/\/lorelladeguevara.fr\/en\/"},{"@type":"ListItem","position":2,"name":"Gallery","item":"https:\/\/lorelladeguevara.fr\/en\/galerie\/"},{"@type":"ListItem","position":3,"name":"M\u00e8re Nature"}]},{"@type":"WebSite","@id":"https:\/\/lorelladeguevara.fr\/en\/#website","url":"https:\/\/lorelladeguevara.fr\/en\/","name":"Lorella de guevara","description":"Artiste peintre","publisher":{"@id":"https:\/\/lorelladeguevara.fr\/en\/#organization"},"potentialAction":[{"@type":"SearchAction","target":{"@type":"EntryPoint","urlTemplate":"https:\/\/lorelladeguevara.fr\/en\/?s={search_term_string}"},"query-input":"required name=search_term_string"}],"inLanguage":"en-US"},{"@type":"Organization","@id":"https:\/\/lorelladeguevara.fr\/en\/#organization","name":"Lorella de guevara","url":"https:\/\/lorelladeguevara.fr\/en\/","logo":{"@type":"ImageObject","inLanguage":"en-US","@id":"https:\/\/lorelladeguevara.fr\/en\/#\/schema\/logo\/image\/","url":"https:\/\/lorelladeguevara.fr\/wp-content\/uploads\/2022\/04\/Lorella-logo.png","contentUrl":"https:\/\/lorelladeguevara.fr\/wp-content\/uploads\/2022\/04\/Lorella-logo.png","width":287,"height":65,"caption":"Lorella de guevara"},"image":{"@id":"https:\/\/lorelladeguevara.fr\/en\/#\/schema\/logo\/image\/"}}]}},"_links":{"self":[{"href":"https:\/\/lorelladeguevara.fr\/en\/wp-json\/wp\/v2\/pages\/13102","targetHints":{"allow":["GET"]}}],"collection":[{"href":"https:\/\/lorelladeguevara.fr\/en\/wp-json\/wp\/v2\/pages"}],"about":[{"href":"https:\/\/lorelladeguevara.fr\/en\/wp-json\/wp\/v2\/types\/page"}],"author":[{"embeddable":true,"href":"https:\/\/lorelladeguevara.fr\/en\/wp-json\/wp\/v2\/users\/1"}],"replies":[{"embeddable":true,"href":"https:\/\/lorelladeguevara.fr\/en\/wp-json\/wp\/v2\/comments?post=13102"}],"version-history":[{"count":2,"href":"https:\/\/lorelladeguevara.fr\/en\/wp-json\/wp\/v2\/pages\/13102\/revisions"}],"predecessor-version":[{"id":13279,"href":"https:\/\/lorelladeguevara.fr\/en\/wp-json\/wp\/v2\/pages\/13102\/revisions\/13279"}],"up":[{"embeddable":true,"href":"https:\/\/lorelladeguevara.fr\/en\/wp-json\/wp\/v2\/pages\/10433"}],"wp:attachment":[{"href":"https:\/\/lorelladeguevara.fr\/en\/wp-json\/wp\/v2\/media?parent=13102"}],"curies":[{"name":"wp","href":"https:\/\/api.w.org\/{rel}","templated":true}]}}